{"id":4939,"date":"2024-04-09T11:02:09","date_gmt":"2024-04-09T11:02:09","guid":{"rendered":"https:\/\/www.b2iconsulting.com\/?page_id=4939"},"modified":"2024-10-04T10:32:59","modified_gmt":"2024-10-04T10:32:59","slug":"test-eventos","status":"publish","type":"page","link":"https:\/\/www.b2iconsulting.com\/pt\/test-eventos\/","title":{"rendered":"TEST EVENTOS"},"content":{"rendered":"<div data-elementor-type=\"wp-page\" data-elementor-id=\"4939\" class=\"elementor elementor-4939\" data-elementor-settings=\"[]\">\n\t\t\t\t\t\t<div class=\"elementor-inner\">\n\t\t\t\t\t\t\t<div class=\"elementor-section-wrap\">\n\t\t\t\t\t\t\t<section class=\"elementor-section elementor-top-section elementor-element elementor-element-fd3ecea elementor-section-stretched elementor-section-boxed elementor-section-height-default elementor-section-height-default\" data-id=\"fd3ecea\" data-element_type=\"section\" data-settings=\"{&quot;stretch_section&quot;:&quot;section-stretched&quot;,&quot;background_background&quot;:&quot;classic&quot;}\">\n\t\t\t\t\t\t<div class=\"elementor-container elementor-column-gap-no\">\n\t\t\t\t\t\t\t<div class=\"elementor-row\">\n\t\t\t\t\t<div class=\"elementor-column elementor-col-100 elementor-top-column elementor-element elementor-element-3a90c83\" data-id=\"3a90c83\" data-element_type=\"column\">\n\t\t\t<div class=\"elementor-column-wrap elementor-element-populated\">\n\t\t\t\t\t\t\t<div class=\"elementor-widget-wrap\">\n\t\t\t\t\t\t<div class=\"elementor-element elementor-element-5c5a473 title_h3 elementor-widget elementor-widget-heading\" data-id=\"5c5a473\" data-element_type=\"widget\" data-widget_type=\"heading.default\">\n\t\t\t\t<div class=\"elementor-widget-container\">\n\t\t\t<h3 class=\"elementor-heading-title elementor-size-default\">AGENDA<\/h3>\t\t<\/div>\n\t\t\t\t<\/div>\n\t\t\t\t<div class=\"elementor-element elementor-element-c51bc74 elementor-widget-divider--view-line elementor-widget elementor-widget-divider\" data-id=\"c51bc74\" data-element_type=\"widget\" data-widget_type=\"divider.default\">\n\t\t\t\t<div class=\"elementor-widget-container\">\n\t\t\t\t\t<div class=\"elementor-divider\">\n\t\t\t<span class=\"elementor-divider-separator\">\n\t\t\t\t\t\t<\/span>\n\t\t<\/div>\n\t\t\t\t<\/div>\n\t\t\t\t<\/div>\n\t\t\t\t\t\t<\/div>\n\t\t\t\t\t<\/div>\n\t\t<\/div>\n\t\t\t\t\t\t\t\t<\/div>\n\t\t\t\t\t<\/div>\n\t\t<\/section>\n\t\t\t\t<section class=\"elementor-section elementor-top-section elementor-element elementor-element-53f4a38 elementor-section-boxed elementor-section-height-default elementor-section-height-default\" data-id=\"53f4a38\" data-element_type=\"section\">\n\t\t\t\t\t\t<div class=\"elementor-container elementor-column-gap-default\">\n\t\t\t\t\t\t\t<div class=\"elementor-row\">\n\t\t\t\t\t<div class=\"elementor-column elementor-col-33 elementor-top-column elementor-element elementor-element-ca7df9d\" data-id=\"ca7df9d\" data-element_type=\"column\">\n\t\t\t<div class=\"elementor-column-wrap elementor-element-populated\">\n\t\t\t\t\t\t\t<div class=\"elementor-widget-wrap\">\n\t\t\t\t\t\t<div class=\"elementor-element elementor-element-d358f2d elementor-widget elementor-widget-single-event-summary\" data-id=\"d358f2d\" data-element_type=\"widget\" data-widget_type=\"single-event-summary.default\">\n\t\t\t\t<div class=\"elementor-widget-container\">\n\t\t\t<div class=\"event_summary_shortcode alignleft\" style=\"width: 100%\"><div class=\"wpem-main wpem-single-event-widget\">\n\t<div class=\"event_listing post-5153 type-event_listing status-publish has-post-thumbnail hentry\">\n\t\t\n\t\t<a href=\"https:\/\/www.b2iconsulting.com\/pt\/evento\/workshop-caves-de-exito-para-licitaciones-europeas-criterios-fiscales\/\" target=\"_blank\" class=\"wpem-event-action-url event-widget\">\n\n\t\t\t<div class=\"wpem-event-banner\">\n\t\t\t\t<div class=\"wpem-event-banner-img\"><link rel=\"image_src\" href=\"https:\/\/www.b2iconsulting.com\/wp-content\/uploads\/2024\/10\/EventoAccioWebsiteB2-1-1.png\"\/><img decoding=\"async\" itemprop=\"image\" content=\"https:\/\/www.b2iconsulting.com\/wp-content\/uploads\/2024\/10\/EventoAccioWebsiteB2-1-1.png\" src=\"https:\/\/www.b2iconsulting.com\/wp-content\/uploads\/2024\/10\/EventoAccioWebsiteB2-1-1.png\" alt=\"WORKSHOP &#8211; Claves de \u00c9xito para Licitaciones Europeas: Criterios Fiscales\" \/><\/div>\n\t\t\t\t\t\t\t\t\n\t\t\t<\/div>\n\t\t\t\n\t\t\t<div class=\"wpem-event-infomation\">\n\t\t\t\t<div class=\"wpem-event-details\">\n\t\t\t\t\t<div class=\"wpem-event-title\">\n\t\t\t\t\t\t<h3 class=\"wpem-heading-text\" title=\"WORKSHOP &#8211; Claves de \u00c9xito para Licitaciones Europeas: Criterios Fiscales\"> WORKSHOP &#8211; Claves de \u00c9xito para Licitaciones Europeas: Criterios Fiscales<\/h3>\n\t\t\t\t\t<\/div>\n\t\t\t\t\t<div class=\"wpem-event-date-time\">\n\t\t\t\t\t\t<span class=\"wpem-event-date-time-text\">09-10-2024<\/span> - <span class=\"wpem-event-date-time-text\">09-10-2024<\/span>\n\t\t\t\t\t<\/div>\n\t\t\t\t\t\n\t\t\t\t\t<div class=\"wpem-event-location\">\n\t\t\t\t\t\t<span class=\"wpem-event-location-text\">\n\t\t\t\t\t\t\tSede Acci\u00f3, Pg. de Gracia, 129, Barcelona\t\t\t\t\t\t<\/span>\n\t\t\t\t\t<\/div>\n\t\t\t\t\t\t\t\t\t\t\t\t\t\t\t\t\t\t\n\t\t\t\t\t\t\t\t\t\t\n\t\t\t\t\t<div class=\"wpem-event-type\"><\/div>\n\n\t\t\t\t    \t\t\t\t<\/div>\n\t\t\t<\/div>\n\t\t<\/a>\n\t<\/div>\n<\/div>\n<\/div>\t\t<\/div>\n\t\t\t\t<\/div>\n\t\t\t\t\t\t<\/div>\n\t\t\t\t\t<\/div>\n\t\t<\/div>\n\t\t\t\t<div class=\"elementor-column elementor-col-33 elementor-top-column elementor-element elementor-element-a21e8e7\" data-id=\"a21e8e7\" data-element_type=\"column\">\n\t\t\t<div class=\"elementor-column-wrap elementor-element-populated\">\n\t\t\t\t\t\t\t<div class=\"elementor-widget-wrap\">\n\t\t\t\t\t\t<div class=\"elementor-element elementor-element-5dfdf4f elementor-widget elementor-widget-single-event-summary\" data-id=\"5dfdf4f\" data-element_type=\"widget\" data-widget_type=\"single-event-summary.default\">\n\t\t\t\t<div class=\"elementor-widget-container\">\n\t\t\t<div class=\"event_summary_shortcode alignleft\" style=\"width: 100%\"><div class=\"wpem-main wpem-single-event-widget\">\n\t<div class=\"event_listing post-5006 type-event_listing status-publish has-post-thumbnail hentry\">\n\t\t\n\t\t<a href=\"https:\/\/www.b2iconsulting.com\/pt\/evento\/sil-feria-lider-de-logistica-transporte-intralogistica-y-supply-chain-del-sur-de-europa\/\" target=\"_blank\" class=\"wpem-event-action-url event-widget\">\n\n\t\t\t<div class=\"wpem-event-banner\">\n\t\t\t\t<div class=\"wpem-event-banner-img\"><link rel=\"image_src\" href=\"https:\/\/www.b2iconsulting.com\/wp-content\/uploads\/2024\/04\/sil_bcn.jpg\"\/><img decoding=\"async\" itemprop=\"image\" content=\"https:\/\/www.b2iconsulting.com\/wp-content\/uploads\/2024\/04\/sil_bcn.jpg\" src=\"https:\/\/www.b2iconsulting.com\/wp-content\/uploads\/2024\/04\/sil_bcn.jpg\" alt=\"SIL &#8211; Feria l\u00edder de Log\u00edstica, Transporte, Intralog\u00edstica y Supply Chain del Sur de Europa\" \/><\/div>\n\t\t\t\t\t\t\t\t\n\t\t\t<\/div>\n\t\t\t\n\t\t\t<div class=\"wpem-event-infomation\">\n\t\t\t\t<div class=\"wpem-event-details\">\n\t\t\t\t\t<div class=\"wpem-event-title\">\n\t\t\t\t\t\t<h3 class=\"wpem-heading-text\" title=\"SIL &#8211; Feria l\u00edder de Log\u00edstica, Transporte, Intralog\u00edstica y Supply Chain del Sur de Europa\"> SIL &#8211; Feria l\u00edder de Log\u00edstica, Transporte, Intralog\u00edstica y Supply Chain del Sur de Europa<\/h3>\n\t\t\t\t\t<\/div>\n\t\t\t\t\t<div class=\"wpem-event-date-time\">\n\t\t\t\t\t\t<span class=\"wpem-event-date-time-text\">05-06-2024<\/span> - <span class=\"wpem-event-date-time-text\">07-06-2024<\/span>\n\t\t\t\t\t<\/div>\n\t\t\t\t\t\n\t\t\t\t\t<div class=\"wpem-event-location\">\n\t\t\t\t\t\t<span class=\"wpem-event-location-text\">\n\t\t\t\t\t\t\tRecinto Ferial Montjuic-Plaza Espa\u00f1a de Fira de Barcelona, Avda. Reina Maria Cristina s\/n, 08004 Barcelona\t\t\t\t\t\t<\/span>\n\t\t\t\t\t<\/div>\n\t\t\t\t\t\t\t\t\t\t\t\t\t\t\t\t\t\t\n\t\t\t\t\t\t\t\t\t\t\n\t\t\t\t\t<div class=\"wpem-event-type\"><\/div>\n\n\t\t\t\t    \t\t\t\t<\/div>\n\t\t\t<\/div>\n\t\t<\/a>\n\t<\/div>\n<\/div>\n<\/div>\t\t<\/div>\n\t\t\t\t<\/div>\n\t\t\t\t\t\t<\/div>\n\t\t\t\t\t<\/div>\n\t\t<\/div>\n\t\t\t\t<div class=\"elementor-column elementor-col-33 elementor-top-column elementor-element elementor-element-d38b637\" data-id=\"d38b637\" data-element_type=\"column\">\n\t\t\t<div class=\"elementor-column-wrap elementor-element-populated\">\n\t\t\t\t\t\t\t<div class=\"elementor-widget-wrap\">\n\t\t\t\t\t\t<div class=\"elementor-element elementor-element-6352f74 elementor-widget elementor-widget-single-event-summary\" data-id=\"6352f74\" data-element_type=\"widget\" data-widget_type=\"single-event-summary.default\">\n\t\t\t\t<div class=\"elementor-widget-container\">\n\t\t\t<div class=\"event_summary_shortcode alignleft\" style=\"width: 100%\"><div class=\"wpem-main wpem-single-event-widget\">\n\t<div class=\"event_listing post-5028 type-event_listing status-publish has-post-thumbnail hentry\">\n\t\t\n\t\t<a href=\"https:\/\/www.b2iconsulting.com\/pt\/evento\/ccbc-seminario-sobre-la-reforma-tributaria-en-brasilccbc\/\" target=\"_blank\" class=\"wpem-event-action-url event-widget\">\n\n\t\t\t<div class=\"wpem-event-banner\">\n\t\t\t\t<div class=\"wpem-event-banner-img\"><link rel=\"image_src\" href=\"https:\/\/www.b2iconsulting.com\/wp-content\/uploads\/2024\/04\/CCBC_banner.png\"\/><img decoding=\"async\" itemprop=\"image\" content=\"https:\/\/www.b2iconsulting.com\/wp-content\/uploads\/2024\/04\/CCBC_banner.png\" src=\"https:\/\/www.b2iconsulting.com\/wp-content\/uploads\/2024\/04\/CCBC_banner.png\" alt=\"CCBC &#8211; Seminario sobre la Reforma Tributaria en BrasilCCBC\" \/><\/div>\n\t\t\t\t\t\t\t\t\n\t\t\t<\/div>\n\t\t\t\n\t\t\t<div class=\"wpem-event-infomation\">\n\t\t\t\t<div class=\"wpem-event-details\">\n\t\t\t\t\t<div class=\"wpem-event-title\">\n\t\t\t\t\t\t<h3 class=\"wpem-heading-text\" title=\"CCBC &#8211; Seminario sobre la Reforma Tributaria en BrasilCCBC\"> CCBC &#8211; Seminario sobre la Reforma Tributaria en BrasilCCBC<\/h3>\n\t\t\t\t\t<\/div>\n\t\t\t\t\t<div class=\"wpem-event-date-time\">\n\t\t\t\t\t\t<span class=\"wpem-event-date-time-text\">06-03-2024<\/span> - <span class=\"wpem-event-date-time-text\">06-03-2024<\/span>\n\t\t\t\t\t<\/div>\n\t\t\t\t\t\n\t\t\t\t\t<div class=\"wpem-event-location\">\n\t\t\t\t\t\t<span class=\"wpem-event-location-text\">\n\t\t\t\t\t\t\tZoom webinar\t\t\t\t\t\t<\/span>\n\t\t\t\t\t<\/div>\n\t\t\t\t\t\t\t\t\t\t\t\t\t\t\t\t\t\t\n\t\t\t\t\t\t\t\t\t\t\n\t\t\t\t\t<div class=\"wpem-event-type\"><\/div>\n\n\t\t\t\t    \t\t\t\t<\/div>\n\t\t\t<\/div>\n\t\t<\/a>\n\t<\/div>\n<\/div>\n<\/div>\t\t<\/div>\n\t\t\t\t<\/div>\n\t\t\t\t\t\t<\/div>\n\t\t\t\t\t<\/div>\n\t\t<\/div>\n\t\t\t\t\t\t\t\t<\/div>\n\t\t\t\t\t<\/div>\n\t\t<\/section>\n\t\t\t\t<section class=\"elementor-section elementor-top-section elementor-element elementor-element-e9fc217 elementor-section-boxed elementor-section-height-default elementor-section-height-default\" data-id=\"e9fc217\" data-element_type=\"section\">\n\t\t\t\t\t\t<div class=\"elementor-container elementor-column-gap-default\">\n\t\t\t\t\t\t\t<div class=\"elementor-row\">\n\t\t\t\t\t<div class=\"elementor-column elementor-col-33 elementor-top-column elementor-element elementor-element-a4a1269\" data-id=\"a4a1269\" data-element_type=\"column\">\n\t\t\t<div class=\"elementor-column-wrap elementor-element-populated\">\n\t\t\t\t\t\t\t<div class=\"elementor-widget-wrap\">\n\t\t\t\t\t\t<div class=\"elementor-element elementor-element-a39731d elementor-widget elementor-widget-single-event-summary\" data-id=\"a39731d\" data-element_type=\"widget\" data-widget_type=\"single-event-summary.default\">\n\t\t\t\t<div class=\"elementor-widget-container\">\n\t\t\t<div class=\"event_summary_shortcode alignleft\" style=\"width: 100%\"><div class=\"wpem-main wpem-single-event-widget\">\n\t<div class=\"event_listing post-5089 type-event_listing status-publish has-post-thumbnail hentry\">\n\t\t\n\t\t<a href=\"https:\/\/www.b2iconsulting.com\/pt\/evento\/bluewave-days-2024-movimiento-de-celebracion-y-proteccion-la-belleza-del-mar-mediterraneo-mas-de-50-experiencias-acuaticas-a-lo-largo-de-la-costa-espanola-charlas-de-expertos-ceremonia-de-premios\/\" target=\"_blank\" class=\"wpem-event-action-url event-widget\">\n\n\t\t\t<div class=\"wpem-event-banner\">\n\t\t\t\t<div class=\"wpem-event-banner-img\"><link rel=\"image_src\" href=\"https:\/\/www.b2iconsulting.com\/wp-content\/uploads\/2024\/05\/bluewave_event.png\"\/><img decoding=\"async\" itemprop=\"image\" content=\"https:\/\/www.b2iconsulting.com\/wp-content\/uploads\/2024\/05\/bluewave_event.png\" src=\"https:\/\/www.b2iconsulting.com\/wp-content\/uploads\/2024\/05\/bluewave_event.png\" alt=\"BLUEWAVE DAYS 2024 &#8211; Movimiento de celebraci\u00f3n y protecci\u00f3n de la belleza del mar Mediterr\u00e1neo.\" \/><\/div>\n\t\t\t\t\t\t\t\t\n\t\t\t<\/div>\n\t\t\t\n\t\t\t<div class=\"wpem-event-infomation\">\n\t\t\t\t<div class=\"wpem-event-details\">\n\t\t\t\t\t<div class=\"wpem-event-title\">\n\t\t\t\t\t\t<h3 class=\"wpem-heading-text\" title=\"BLUEWAVE DAYS 2024 &#8211; Movimiento de celebraci\u00f3n y protecci\u00f3n de la belleza del mar Mediterr\u00e1neo.\"> BLUEWAVE DAYS 2024 &#8211; Movimiento de celebraci\u00f3n y protecci\u00f3n de la belleza del mar Mediterr\u00e1neo.<\/h3>\n\t\t\t\t\t<\/div>\n\t\t\t\t\t<div class=\"wpem-event-date-time\">\n\t\t\t\t\t\t<span class=\"wpem-event-date-time-text\">08-06-2024<\/span> - <span class=\"wpem-event-date-time-text\">13-06-2024<\/span>\n\t\t\t\t\t<\/div>\n\t\t\t\t\t\n\t\t\t\t\t<div class=\"wpem-event-location\">\n\t\t\t\t\t\t<span class=\"wpem-event-location-text\">\n\t\t\t\t\t\t\tCosta Brava, Costa Barcelona, Costa Daurada y Port Ol\u00edmpic de Barcelona\t\t\t\t\t\t<\/span>\n\t\t\t\t\t<\/div>\n\t\t\t\t\t\t\t\t\t\t\t\t\t\t\t\t\t\t\n\t\t\t\t\t\t\t\t\t\t\n\t\t\t\t\t<div class=\"wpem-event-type\"><\/div>\n\n\t\t\t\t    \t\t\t\t<\/div>\n\t\t\t<\/div>\n\t\t<\/a>\n\t<\/div>\n<\/div>\n<\/div>\t\t<\/div>\n\t\t\t\t<\/div>\n\t\t\t\t\t\t<\/div>\n\t\t\t\t\t<\/div>\n\t\t<\/div>\n\t\t\t\t<div class=\"elementor-column elementor-col-33 elementor-top-column elementor-element elementor-element-959beb2\" data-id=\"959beb2\" data-element_type=\"column\">\n\t\t\t<div class=\"elementor-column-wrap elementor-element-populated\">\n\t\t\t\t\t\t\t<div class=\"elementor-widget-wrap\">\n\t\t\t\t\t\t<div class=\"elementor-element elementor-element-a5ba652 elementor-widget elementor-widget-single-event-summary\" data-id=\"a5ba652\" data-element_type=\"widget\" data-widget_type=\"single-event-summary.default\">\n\t\t\t\t<div class=\"elementor-widget-container\">\n\t\t\t<div class=\"event_summary_shortcode alignleft\" style=\"width: 100%\"><div class=\"wpem-main wpem-single-event-widget\">\n\t<div class=\"event_listing post-5014 type-event_listing status-publish has-post-thumbnail hentry\">\n\t\t\n\t\t<a href=\"https:\/\/www.b2iconsulting.com\/pt\/evento\/bnew-barcelona-new-economy-week-proptech-industria-digital-movilidad-sostenibilidad-talento-salud-y-experiencia\/\" target=\"_blank\" class=\"wpem-event-action-url event-widget\">\n\n\t\t\t<div class=\"wpem-event-banner\">\n\t\t\t\t<div class=\"wpem-event-banner-img\"><link rel=\"image_src\" href=\"https:\/\/www.b2iconsulting.com\/wp-content\/uploads\/2024\/04\/bnew2024v2.png\"\/><img decoding=\"async\" itemprop=\"image\" content=\"https:\/\/www.b2iconsulting.com\/wp-content\/uploads\/2024\/04\/bnew2024v2.png\" src=\"https:\/\/www.b2iconsulting.com\/wp-content\/uploads\/2024\/04\/bnew2024v2.png\" alt=\"BNEW &#8211; Barcelona New Economy Week: Proptech, Industria Digital, Movilidad, Sostenibilidad, Talento, Salud y Experiencia\" \/><\/div>\n\t\t\t\t\t\t\t\t\n\t\t\t<\/div>\n\t\t\t\n\t\t\t<div class=\"wpem-event-infomation\">\n\t\t\t\t<div class=\"wpem-event-details\">\n\t\t\t\t\t<div class=\"wpem-event-title\">\n\t\t\t\t\t\t<h3 class=\"wpem-heading-text\" title=\"BNEW &#8211; Barcelona New Economy Week: Proptech, Industria Digital, Movilidad, Sostenibilidad, Talento, Salud y Experiencia\"> BNEW &#8211; Barcelona New Economy Week: Proptech, Industria Digital, Movilidad, Sostenibilidad, Talento, Salud y Experiencia<\/h3>\n\t\t\t\t\t<\/div>\n\t\t\t\t\t<div class=\"wpem-event-date-time\">\n\t\t\t\t\t\t<span class=\"wpem-event-date-time-text\">07-10-2024<\/span> - <span class=\"wpem-event-date-time-text\">10-10-2024<\/span>\n\t\t\t\t\t<\/div>\n\t\t\t\t\t\n\t\t\t\t\t<div class=\"wpem-event-location\">\n\t\t\t\t\t\t<span class=\"wpem-event-location-text\">\n\t\t\t\t\t\t\tDFactory, Calle 27, 10-16 Sector BZ Zona Franca, 08040 Barcelona\t\t\t\t\t\t<\/span>\n\t\t\t\t\t<\/div>\n\t\t\t\t\t\t\t\t\t\t\t\t\t\t\t\t\t\t\n\t\t\t\t\t\t\t\t\t\t\n\t\t\t\t\t<div class=\"wpem-event-type\"><\/div>\n\n\t\t\t\t    \t\t\t\t<\/div>\n\t\t\t<\/div>\n\t\t<\/a>\n\t<\/div>\n<\/div>\n<\/div>\t\t<\/div>\n\t\t\t\t<\/div>\n\t\t\t\t\t\t<\/div>\n\t\t\t\t\t<\/div>\n\t\t<\/div>\n\t\t\t\t<div class=\"elementor-column elementor-col-33 elementor-top-column elementor-element elementor-element-9a9b8f5\" data-id=\"9a9b8f5\" data-element_type=\"column\">\n\t\t\t<div class=\"elementor-column-wrap elementor-element-populated\">\n\t\t\t\t\t\t\t<div class=\"elementor-widget-wrap\">\n\t\t\t\t\t\t<div class=\"elementor-element elementor-element-69da88a elementor-widget elementor-widget-single-event-summary\" data-id=\"69da88a\" data-element_type=\"widget\" data-widget_type=\"single-event-summary.default\">\n\t\t\t\t<div class=\"elementor-widget-container\">\n\t\t\t<div class=\"event_summary_shortcode alignleft\" style=\"width: 100%\"><div class=\"wpem-main wpem-single-event-widget\">\n\t<div class=\"event_listing post-5028 type-event_listing status-publish has-post-thumbnail hentry\">\n\t\t\n\t\t<a href=\"https:\/\/www.b2iconsulting.com\/pt\/evento\/ccbc-seminario-sobre-la-reforma-tributaria-en-brasilccbc\/\" target=\"_blank\" class=\"wpem-event-action-url event-widget\">\n\n\t\t\t<div class=\"wpem-event-banner\">\n\t\t\t\t<div class=\"wpem-event-banner-img\"><link rel=\"image_src\" href=\"https:\/\/www.b2iconsulting.com\/wp-content\/uploads\/2024\/04\/CCBC_banner.png\"\/><img decoding=\"async\" itemprop=\"image\" content=\"https:\/\/www.b2iconsulting.com\/wp-content\/uploads\/2024\/04\/CCBC_banner.png\" src=\"https:\/\/www.b2iconsulting.com\/wp-content\/uploads\/2024\/04\/CCBC_banner.png\" alt=\"CCBC &#8211; Seminario sobre la Reforma Tributaria en BrasilCCBC\" \/><\/div>\n\t\t\t\t\t\t\t\t\n\t\t\t<\/div>\n\t\t\t\n\t\t\t<div class=\"wpem-event-infomation\">\n\t\t\t\t<div class=\"wpem-event-details\">\n\t\t\t\t\t<div class=\"wpem-event-title\">\n\t\t\t\t\t\t<h3 class=\"wpem-heading-text\" title=\"CCBC &#8211; Seminario sobre la Reforma Tributaria en BrasilCCBC\"> CCBC &#8211; Seminario sobre la Reforma Tributaria en BrasilCCBC<\/h3>\n\t\t\t\t\t<\/div>\n\t\t\t\t\t<div class=\"wpem-event-date-time\">\n\t\t\t\t\t\t<span class=\"wpem-event-date-time-text\">06-03-2024<\/span> - <span class=\"wpem-event-date-time-text\">06-03-2024<\/span>\n\t\t\t\t\t<\/div>\n\t\t\t\t\t\n\t\t\t\t\t<div class=\"wpem-event-location\">\n\t\t\t\t\t\t<span class=\"wpem-event-location-text\">\n\t\t\t\t\t\t\tZoom webinar\t\t\t\t\t\t<\/span>\n\t\t\t\t\t<\/div>\n\t\t\t\t\t\t\t\t\t\t\t\t\t\t\t\t\t\t\n\t\t\t\t\t\t\t\t\t\t\n\t\t\t\t\t<div class=\"wpem-event-type\"><\/div>\n\n\t\t\t\t    \t\t\t\t<\/div>\n\t\t\t<\/div>\n\t\t<\/a>\n\t<\/div>\n<\/div>\n<\/div>\t\t<\/div>\n\t\t\t\t<\/div>\n\t\t\t\t\t\t<\/div>\n\t\t\t\t\t<\/div>\n\t\t<\/div>\n\t\t\t\t\t\t\t\t<\/div>\n\t\t\t\t\t<\/div>\n\t\t<\/section>\n\t\t\t\t<section class=\"elementor-section elementor-top-section elementor-element elementor-element-1fa27bd elementor-section-boxed elementor-section-height-default elementor-section-height-default\" data-id=\"1fa27bd\" data-element_type=\"section\">\n\t\t\t\t\t\t<div class=\"elementor-container elementor-column-gap-default\">\n\t\t\t\t\t\t\t<div class=\"elementor-row\">\n\t\t\t\t\t<div class=\"elementor-column elementor-col-100 elementor-top-column elementor-element elementor-element-346a7c2\" data-id=\"346a7c2\" data-element_type=\"column\">\n\t\t\t<div class=\"elementor-column-wrap elementor-element-populated\">\n\t\t\t\t\t\t\t<div class=\"elementor-widget-wrap\">\n\t\t\t\t\t\t<div class=\"elementor-element elementor-element-97ea3f7 elementor-widget elementor-widget-wp-widget-widget_recent_events\" data-id=\"97ea3f7\" data-element_type=\"widget\" data-widget_type=\"wp-widget-widget_recent_events.default\">\n\t\t\t\t<div class=\"elementor-widget-container\">\n\t\t\t<div class=\"event_listings_class\">\r\n\t<div class=\"no_event_listings_found_widget wpem-alert wpem-alert-danger wpem-mb-0\">\r\n\t\tN\u00e3o h\u00e1 nenhum evento atualmente.\t<\/div>\r\n<\/div>\r\n\t\t<\/div>\n\t\t\t\t<\/div>\n\t\t\t\t\t\t<\/div>\n\t\t\t\t\t<\/div>\n\t\t<\/div>\n\t\t\t\t\t\t\t\t<\/div>\n\t\t\t\t\t<\/div>\n\t\t<\/section>\n\t\t\t\t<section class=\"elementor-section elementor-top-section elementor-element elementor-element-9ee3ba6 elementor-section-boxed elementor-section-height-default elementor-section-height-default\" data-id=\"9ee3ba6\" data-element_type=\"section\">\n\t\t\t\t\t\t<div class=\"elementor-container elementor-column-gap-default\">\n\t\t\t\t\t\t\t<div class=\"elementor-row\">\n\t\t\t\t\t<div class=\"elementor-column elementor-col-100 elementor-top-column elementor-element elementor-element-e2564c8\" data-id=\"e2564c8\" data-element_type=\"column\">\n\t\t\t<div class=\"elementor-column-wrap elementor-element-populated\">\n\t\t\t\t\t\t\t<div class=\"elementor-widget-wrap\">\n\t\t\t\t\t\t<div class=\"elementor-element elementor-element-2406555 elementor-arrows-position-inside elementor-pagination-position-outside elementor-widget elementor-widget-image-carousel\" data-id=\"2406555\" data-element_type=\"widget\" data-settings=\"{&quot;navigation&quot;:&quot;both&quot;,&quot;autoplay&quot;:&quot;yes&quot;,&quot;pause_on_hover&quot;:&quot;yes&quot;,&quot;pause_on_interaction&quot;:&quot;yes&quot;,&quot;autoplay_speed&quot;:5000,&quot;infinite&quot;:&quot;yes&quot;,&quot;speed&quot;:500}\" data-widget_type=\"image-carousel.default\">\n\t\t\t\t<div class=\"elementor-widget-container\">\n\t\t\t\t\t<div class=\"elementor-image-carousel-wrapper swiper-container\" dir=\"ltr\">\n\t\t\t<div class=\"elementor-image-carousel swiper-wrapper\">\n\t\t\t\t\t\t\t\t<div class=\"swiper-slide\"><figure class=\"swiper-slide-inner\"><img decoding=\"async\" class=\"swiper-slide-image\" src=\"https:\/\/www.b2iconsulting.com\/wp-content\/uploads\/2024\/05\/bluewave_event-300x205.png\" alt=\"bluewave_event\" \/><\/figure><\/div><div class=\"swiper-slide\"><figure class=\"swiper-slide-inner\"><img decoding=\"async\" class=\"swiper-slide-image\" src=\"https:\/\/www.b2iconsulting.com\/wp-content\/uploads\/2024\/04\/bnew2024v2-300x205.png\" alt=\"bnew2024v2\" \/><\/figure><\/div><div class=\"swiper-slide\"><figure class=\"swiper-slide-inner\"><img decoding=\"async\" class=\"swiper-slide-image\" src=\"https:\/\/www.b2iconsulting.com\/wp-content\/uploads\/2024\/04\/sil_bcn-300x212.jpg\" alt=\"sil_bcn\" \/><\/figure><\/div>\t\t\t<\/div>\n\t\t\t\t\t\t\t\t\t\t\t\t<div class=\"swiper-pagination\"><\/div>\n\t\t\t\t\t\t\t\t\t\t\t\t\t<div class=\"elementor-swiper-button elementor-swiper-button-prev\">\n\t\t\t\t\t\t<i class=\"eicon-chevron-left\" aria-hidden=\"true\"><\/i>\n\t\t\t\t\t\t<span class=\"elementor-screen-only\">Anterior<\/span>\n\t\t\t\t\t<\/div>\n\t\t\t\t\t<div class=\"elementor-swiper-button elementor-swiper-button-next\">\n\t\t\t\t\t\t<i class=\"eicon-chevron-right\" aria-hidden=\"true\"><\/i>\n\t\t\t\t\t\t<span class=\"elementor-screen-only\">Pr\u00f3ximo<\/span>\n\t\t\t\t\t<\/div>\n\t\t\t\t\t\t\t\t\t<\/div>\n\t\t\t\t<\/div>\n\t\t\t\t<\/div>\n\t\t\t\t\t\t<\/div>\n\t\t\t\t\t<\/div>\n\t\t<\/div>\n\t\t\t\t\t\t\t\t<\/div>\n\t\t\t\t\t<\/div>\n\t\t<\/section>\n\t\t\t\t\t\t<\/div>\n\t\t\t\t\t\t<\/div>\n\t\t\t\t\t<\/div>","protected":false},"excerpt":{"rendered":"<p>AGENDA WORKSHOP &#8211; Claves de \u00c9xito para Licitaciones Europeas: Criterios Fiscales 09-10-2024 &#8211; 09-10-2024 Sede Acci\u00f3, Pg. de Gracia, 129, [&hellip;]<\/p>","protected":false},"author":1,"featured_media":0,"parent":0,"menu_order":0,"comment_status":"closed","ping_status":"closed","template":"page-templates\/template_fullwidth.php","meta":{"_monsterinsights_skip_tracking":false,"_monsterinsights_sitenote_active":false,"_monsterinsights_sitenote_note":"","_monsterinsights_sitenote_category":0,"footnotes":""},"_links":{"self":[{"href":"https:\/\/www.b2iconsulting.com\/pt\/wp-json\/wp\/v2\/pages\/4939"}],"collection":[{"href":"https:\/\/www.b2iconsulting.com\/pt\/wp-json\/wp\/v2\/pages"}],"about":[{"href":"https:\/\/www.b2iconsulting.com\/pt\/wp-json\/wp\/v2\/types\/page"}],"author":[{"embeddable":true,"href":"https:\/\/www.b2iconsulting.com\/pt\/wp-json\/wp\/v2\/users\/1"}],"replies":[{"embeddable":true,"href":"https:\/\/www.b2iconsulting.com\/pt\/wp-json\/wp\/v2\/comments?post=4939"}],"version-history":[{"count":31,"href":"https:\/\/www.b2iconsulting.com\/pt\/wp-json\/wp\/v2\/pages\/4939\/revisions"}],"predecessor-version":[{"id":5198,"href":"https:\/\/www.b2iconsulting.com\/pt\/wp-json\/wp\/v2\/pages\/4939\/revisions\/5198"}],"wp:attachment":[{"href":"https:\/\/www.b2iconsulting.com\/pt\/wp-json\/wp\/v2\/media?parent=4939"}],"curies":[{"name":"wp","href":"https:\/\/api.w.org\/{rel}","templated":true}]}}