{"id":2278,"date":"2020-07-10T15:24:24","date_gmt":"2020-07-10T15:24:24","guid":{"rendered":"http:\/\/www.b2iconsulting.com\/?page_id=2278"},"modified":"2021-11-09T16:44:31","modified_gmt":"2021-11-09T16:44:31","slug":"proteccion-de-datos","status":"publish","type":"page","link":"https:\/\/www.b2iconsulting.com\/en\/proteccion-de-datos\/","title":{"rendered":"Protecci\u00f3n de datos"},"content":{"rendered":"<div data-elementor-type=\"wp-page\" data-elementor-id=\"2278\" class=\"elementor elementor-2278\" data-elementor-settings=\"[]\">\n\t\t\t\t\t\t<div class=\"elementor-inner\">\n\t\t\t\t\t\t\t<div class=\"elementor-section-wrap\">\n\t\t\t\t\t\t\t<section class=\"elementor-section elementor-top-section elementor-element elementor-element-727d4b7 elementor-section-boxed elementor-section-height-default elementor-section-height-default\" data-id=\"727d4b7\" data-element_type=\"section\">\n\t\t\t\t\t\t<div class=\"elementor-container elementor-column-gap-default\">\n\t\t\t\t\t\t\t<div class=\"elementor-row\">\n\t\t\t\t\t<div class=\"elementor-column elementor-col-100 elementor-top-column elementor-element elementor-element-28ac34b\" data-id=\"28ac34b\" data-element_type=\"column\">\n\t\t\t<div class=\"elementor-column-wrap elementor-element-populated\">\n\t\t\t\t\t\t\t<div class=\"elementor-widget-wrap\">\n\t\t\t\t\t\t<div class=\"elementor-element elementor-element-869d0fb elementor-widget elementor-widget-heading\" data-id=\"869d0fb\" data-element_type=\"widget\" data-widget_type=\"heading.default\">\n\t\t\t\t<div class=\"elementor-widget-container\">\n\t\t\t<h3 class=\"elementor-heading-title elementor-size-default\">DATA PROTECTION<\/h3>\t\t<\/div>\n\t\t\t\t<\/div>\n\t\t\t\t<div class=\"elementor-element elementor-element-3210353 elementor-widget-divider--view-line elementor-widget elementor-widget-divider\" data-id=\"3210353\" data-element_type=\"widget\" data-widget_type=\"divider.default\">\n\t\t\t\t<div class=\"elementor-widget-container\">\n\t\t\t\t\t<div class=\"elementor-divider\">\n\t\t\t<span class=\"elementor-divider-separator\">\n\t\t\t\t\t\t<\/span>\n\t\t<\/div>\n\t\t\t\t<\/div>\n\t\t\t\t<\/div>\n\t\t\t\t<div class=\"elementor-element elementor-element-d22f50c elementor-widget elementor-widget-spacer\" data-id=\"d22f50c\" data-element_type=\"widget\" data-widget_type=\"spacer.default\">\n\t\t\t\t<div class=\"elementor-widget-container\">\n\t\t\t\t\t<div class=\"elementor-spacer\">\n\t\t\t<div class=\"elementor-spacer-inner\"><\/div>\n\t\t<\/div>\n\t\t\t\t<\/div>\n\t\t\t\t<\/div>\n\t\t\t\t<div class=\"elementor-element elementor-element-4198a14 elementor-widget elementor-widget-text-editor\" data-id=\"4198a14\" data-element_type=\"widget\" data-widget_type=\"text-editor.default\">\n\t\t\t\t<div class=\"elementor-widget-container\">\n\t\t\t\t\t\t\t\t<div class=\"elementor-text-editor elementor-clearfix\">\n\t\t\t\t<!-- wp:heading -->\n<h2><!-- wp:heading --><\/h2>\n<h2><span style=\"vertical-align: inherit;\">Quienes somos<\/span><\/h2>\n<h2><!-- \/wp:heading --><!-- wp:paragraph --><\/h2>\n<p><span style=\"vertical-align: inherit;\">La direcci\u00f3n de nuestro sitio web es: http:\/\/www.b2iconsulting.com.<\/span><\/p>\n<h2><!-- \/wp:paragraph --><!-- wp:heading --><\/h2>\n<h2><span style=\"vertical-align: inherit;\">Qu\u00e9 datos personales recopilamos y por qu\u00e9 los recopilamos<\/span><\/h2>\n<h2><!-- \/wp:heading --><!-- wp:heading {\"level\":3} --><\/h2>\n<h3><span style=\"vertical-align: inherit;\">Comentarios<\/span><\/h3>\n<h2><!-- \/wp:heading --><!-- wp:paragraph --><\/h2>\n<p><span style=\"vertical-align: inherit;\">Cuando los visitantes dejan comentarios en el sitio, recopilamos los datos que se muestran en el formulario de comentarios, y tambi\u00e9n la direcci\u00f3n IP del visitante y la cadena del agente de usuario del navegador para ayudar a la detecci\u00f3n de spam.<\/span><\/p>\n<h2><!-- \/wp:paragraph --><!-- wp:paragraph --><\/h2>\n<p><span style=\"vertical-align: inherit;\">Se puede proporcionar una cadena an\u00f3nima creada a partir de su direcci\u00f3n de correo electr\u00f3nico (tambi\u00e9n llamada hash) al servicio Gravatar para ver si la est\u00e1 utilizando. La pol\u00edtica de privacidad del servicio Gravatar est\u00e1 disponible aqu\u00ed: https:\/\/automattic.com\/privacy\/. Despu\u00e9s de la aprobaci\u00f3n de su comentario, su foto de perfil es visible para el p\u00fablico en el contexto de su comentario.<\/span><\/p>\n<h2><!-- \/wp:paragraph --><!-- wp:heading {\"level\":3} --><\/h2>\n<h3><span style=\"vertical-align: inherit;\">Media<\/span><\/h3>\n<h2><!-- \/wp:heading --><!-- wp:paragraph --><\/h2>\n<p><span style=\"vertical-align: inherit;\">Si carga im\u00e1genes en el sitio web, debe evitar cargar im\u00e1genes con datos de ubicaci\u00f3n incrustados (GPS EXIF) incluidos. Los visitantes del sitio web pueden descargar y extraer los datos de ubicaci\u00f3n de las im\u00e1genes del sitio web.<\/span><\/p>\n<h2><!-- \/wp:paragraph --><!-- wp:heading {\"level\":3} --><\/h2>\n<h3><span style=\"vertical-align: inherit;\">Formularios de contacto<\/span><\/h3>\n<h2><!-- \/wp:heading --><!-- wp:heading {\"level\":3} --><\/h2>\n<h3><span style=\"vertical-align: inherit;\">Galletas<\/span><\/h3>\n<h2><!-- \/wp:heading --><!-- wp:paragraph --><\/h2>\n<p><span style=\"vertical-align: inherit;\">Si deja un comentario en nuestro sitio, puede optar por guardar su nombre, direcci\u00f3n de correo electr\u00f3nico y sitio web en cookies. Estos son para su conveniencia para que no tenga que volver a completar sus datos cuando deje otro comentario. Estas cookies durar\u00e1n un a\u00f1o.<\/span><\/p>\n<h2><!-- \/wp:paragraph --><!-- wp:paragraph --><\/h2>\n<p><span style=\"vertical-align: inherit;\">Si visita nuestra p\u00e1gina de inicio de sesi\u00f3n, configuraremos una cookie temporal para determinar si su navegador acepta cookies. Esta cookie no contiene datos personales y se descarta cuando cierra su navegador.<\/span><\/p>\n<h2><!-- \/wp:paragraph --><!-- wp:paragraph --><\/h2>\n<p><span style=\"vertical-align: inherit;\">Cuando inicie sesi\u00f3n, tambi\u00e9n configuraremos varias cookies para guardar su informaci\u00f3n de inicio de sesi\u00f3n y sus opciones de visualizaci\u00f3n de pantalla. Las cookies de inicio de sesi\u00f3n duran dos d\u00edas y las cookies de opciones de pantalla duran un a\u00f1o. Si selecciona \u00abRecordarme\u00bb, su inicio de sesi\u00f3n se mantendr\u00e1 durante dos semanas. Si cierra sesi\u00f3n en su cuenta, se eliminar\u00e1n las cookies de inicio de sesi\u00f3n.<\/span><\/p>\n<h2><!-- \/wp:paragraph --><!-- wp:paragraph --><\/h2>\n<p><span style=\"vertical-align: inherit;\">Si edita o publica un art\u00edculo, se guardar\u00e1 una cookie adicional en su navegador. Esta cookie no incluye datos personales y simplemente indica el ID de publicaci\u00f3n del art\u00edculo que acaba de editar. Caduca despu\u00e9s de 1 d\u00eda.<\/span><\/p>\n<h2><!-- \/wp:paragraph --><!-- wp:heading {\"level\":3} --><\/h2>\n<h3><span style=\"vertical-align: inherit;\">Contenido incrustado de otros sitios web<\/span><\/h3>\n<h2><!-- \/wp:heading --><!-- wp:paragraph --><\/h2>\n<p><span style=\"vertical-align: inherit;\">Los art\u00edculos de este sitio pueden incluir contenido incrustado (por ejemplo, videos, im\u00e1genes, art\u00edculos, etc.). El contenido incrustado de otros sitios web se comporta exactamente de la misma manera que si el visitante hubiera visitado el otro sitio web.<\/span><\/p>\n<h2><!-- \/wp:paragraph --><!-- wp:paragraph --><\/h2>\n<p><span style=\"vertical-align: inherit;\">Estos sitios web pueden recopilar datos sobre usted, usar cookies, incrustar un seguimiento adicional de terceros y monitorear su interacci\u00f3n con ese contenido incrustado, incluido el seguimiento de su interacci\u00f3n con el contenido incrustado si tiene una cuenta y ha iniciado sesi\u00f3n en ese sitio web.<\/span><\/p>\n<h2><!-- \/wp:paragraph --><!-- wp:heading {\"level\":3} --><\/h2>\n<h3><span style=\"vertical-align: inherit;\">Anal\u00edtica<\/span><\/h3>\n<h2><!-- \/wp:heading --><!-- wp:heading --><\/h2>\n<h2><span style=\"vertical-align: inherit;\">Con qui\u00e9n compartimos sus datos<\/span><\/h2>\n<h2><!-- \/wp:heading --><!-- wp:heading --><\/h2>\n<h2><span style=\"vertical-align: inherit;\">Cu\u00e1nto tiempo conservamos sus datos<\/span><\/h2>\n<h2><!-- \/wp:heading --><!-- wp:paragraph --><\/h2>\n<p><span style=\"vertical-align: inherit;\">Si deja un comentario, el comentario y sus metadatos se conservan indefinidamente. Esto es para que podamos reconocer y aprobar cualquier comentario de seguimiento autom\u00e1ticamente en lugar de mantenerlos en una cola de moderaci\u00f3n.<\/span><\/p>\n<h2><!-- \/wp:paragraph --><!-- wp:paragraph --><\/h2>\n<p><span style=\"vertical-align: inherit;\">Para los usuarios que se registran en nuestro sitio web (si corresponde), tambi\u00e9n almacenamos la informaci\u00f3n personal que proporcionan en su perfil de usuario. Todos los usuarios pueden ver, editar o eliminar su informaci\u00f3n personal en cualquier momento (excepto que no pueden cambiar su nombre de usuario). Los administradores del sitio web tambi\u00e9n pueden ver y editar esa informaci\u00f3n.<\/span><\/p>\n<h2><!-- \/wp:paragraph --><!-- wp:heading --><\/h2>\n<h2><span style=\"vertical-align: inherit;\">Que derechos tienes sobre tus datos<\/span><\/h2>\n<h2><!-- \/wp:heading --><!-- wp:paragraph --><\/h2>\n<p><span style=\"vertical-align: inherit;\">Si tiene una cuenta en este sitio o ha dejado comentarios, puede solicitar recibir un archivo exportado de los datos personales que tenemos sobre usted, incluidos los datos que nos haya proporcionado. Tambi\u00e9n puede solicitar que borremos cualquier dato personal que tengamos sobre usted. Esto no incluye ning\u00fan dato que estemos obligados a conservar con fines administrativos, legales o de seguridad.<\/span><\/p>\n<h2><!-- \/wp:paragraph --><!-- wp:heading --><\/h2>\n<h2><span style=\"vertical-align: inherit;\">A donde enviamos sus datos<\/span><\/h2>\n<h2><!-- \/wp:heading --><!-- wp:paragraph --><\/h2>\n<p><span style=\"vertical-align: inherit;\">Los comentarios de los visitantes pueden verificarse a trav\u00e9s de un servicio de detecci\u00f3n autom\u00e1tica de spam.<\/span><\/p>\n<h2><!-- \/wp:paragraph --><!-- wp:heading --><\/h2>\n<h2><span style=\"vertical-align: inherit;\">Tu informaci\u00f3n de contacto<\/span><\/h2>\n<h2><!-- \/wp:heading --><!-- wp:heading --><\/h2>\n<h2><span style=\"vertical-align: inherit;\">Informaci\u00f3n adicional<\/span><\/h2>\n<h2><!-- \/wp:heading --><!-- wp:heading {\"level\":3} --><\/h2>\n<h3><span style=\"vertical-align: inherit;\">C\u00f3mo protegemos sus datos<\/span><\/h3>\n<h2><!-- \/wp:heading --><!-- wp:heading {\"level\":3} --><\/h2>\n<h3><span style=\"vertical-align: inherit;\">Qu\u00e9 procedimientos de violaci\u00f3n de datos tenemos implementados<\/span><\/h3>\n<h2><!-- \/wp:heading --><!-- wp:heading {\"level\":3} --><\/h2>\n<h3><span style=\"vertical-align: inherit;\">De qu\u00e9 terceros recibimos datos<\/span><\/h3>\n<h2><!-- \/wp:heading --><!-- wp:heading {\"level\":3} --><\/h2>\n<h3><span style=\"vertical-align: inherit;\">Qu\u00e9 toma de decisiones automatizada y \/ o elaboraci\u00f3n de perfiles hacemos con los datos del usuario<\/span><\/h3>\n<h2><!-- \/wp:heading --><!-- wp:heading {\"level\":3} --><\/h2>\n<h3><span style=\"vertical-align: inherit;\">Requisitos de divulgaci\u00f3n reglamentarios de la industria<\/span><\/h3>\n<h2><!-- \/wp:heading --><\/h2>\n<!-- \/wp:heading -->\t\t\t\t\t<\/div>\n\t\t\t\t\t\t<\/div>\n\t\t\t\t<\/div>\n\t\t\t\t\t\t<\/div>\n\t\t\t\t\t<\/div>\n\t\t<\/div>\n\t\t\t\t\t\t\t\t<\/div>\n\t\t\t\t\t<\/div>\n\t\t<\/section>\n\t\t\t\t\t\t<\/div>\n\t\t\t\t\t\t<\/div>\n\t\t\t\t\t<\/div>","protected":false},"excerpt":{"rendered":"<p>PROTECCI\u00d3N DE DATOS Quienes somos La direcci\u00f3n de nuestro sitio web es: http:\/\/www.b2iconsulting.com. Qu\u00e9 datos personales recopilamos y por qu\u00e9 [&hellip;]<\/p>","protected":false},"author":1,"featured_media":0,"parent":0,"menu_order":0,"comment_status":"closed","ping_status":"closed","template":"elementor_header_footer","meta":{"_monsterinsights_skip_tracking":false,"_monsterinsights_sitenote_active":false,"_monsterinsights_sitenote_note":"","_monsterinsights_sitenote_category":0,"footnotes":""},"_links":{"self":[{"href":"https:\/\/www.b2iconsulting.com\/en\/wp-json\/wp\/v2\/pages\/2278"}],"collection":[{"href":"https:\/\/www.b2iconsulting.com\/en\/wp-json\/wp\/v2\/pages"}],"about":[{"href":"https:\/\/www.b2iconsulting.com\/en\/wp-json\/wp\/v2\/types\/page"}],"author":[{"embeddable":true,"href":"https:\/\/www.b2iconsulting.com\/en\/wp-json\/wp\/v2\/users\/1"}],"replies":[{"embeddable":true,"href":"https:\/\/www.b2iconsulting.com\/en\/wp-json\/wp\/v2\/comments?post=2278"}],"version-history":[{"count":8,"href":"https:\/\/www.b2iconsulting.com\/en\/wp-json\/wp\/v2\/pages\/2278\/revisions"}],"predecessor-version":[{"id":3860,"href":"https:\/\/www.b2iconsulting.com\/en\/wp-json\/wp\/v2\/pages\/2278\/revisions\/3860"}],"wp:attachment":[{"href":"https:\/\/www.b2iconsulting.com\/en\/wp-json\/wp\/v2\/media?parent=2278"}],"curies":[{"name":"wp","href":"https:\/\/api.w.org\/{rel}","templated":true}]}}